{"id":8,"date":"2024-10-25T14:02:44","date_gmt":"2024-10-25T12:02:44","guid":{"rendered":"https:\/\/claraunddaniel.de\/?page_id=8"},"modified":"2025-05-31T11:42:10","modified_gmt":"2025-05-31T09:42:10","slug":"home","status":"publish","type":"page","link":"https:\/\/claraunddaniel.de\/pt\/","title":{"rendered":"Clara &amp; Daniel"},"content":{"rendered":"<p>[et_pb_section fb_built=&#8220;1&#8243; admin_label=&#8220;Header&#8220; _builder_version=&#8220;4.18.0&#8243; _module_preset=&#8220;default&#8220; custom_padding=&#8220;0px||||false|false&#8220; collapsed=&#8220;on&#8220; global_colors_info=&#8220;{}&#8220;][et_pb_row column_structure=&#8220;1_2,1_2&#8243; use_custom_gutter=&#8220;on&#8220; gutter_width=&#8220;1&#8243; make_equal=&#8220;on&#8220; _builder_version=&#8220;4.27.2&#8243; _module_preset=&#8220;default&#8220; width=&#8220;100%&#8220; max_width=&#8220;none&#8220; custom_padding=&#8220;0px||0px||false|false&#8220; module_alignment_tablet=&#8220;center&#8220; module_alignment_phone=&#8220;center&#8220; module_alignment_last_edited=&#8220;off|desktop&#8220; global_colors_info=&#8220;{}&#8220;][et_pb_column type=&#8220;1_2&#8243; _builder_version=&#8220;4.18.0&#8243; _module_preset=&#8220;default&#8220; z_index=&#8220;10&#8243; custom_padding=&#8220;10%|8%|10%|8%|true|true&#8220; custom_padding_tablet=&#8220;|0px|||true|false&#8220; custom_padding_phone=&#8220;|0px|||true|false&#8220; custom_padding_last_edited=&#8220;off|tablet&#8220; global_colors_info=&#8220;{}&#8220;][et_pb_text _builder_version=&#8220;4.27.2&#8243; _module_preset=&#8220;4827deed-2a92-4d97-a22f-f01067ae6873&#8243; header_font=&#8220;||||||||&#8220; header_4_font=&#8220;Cormorant Garamond|600|||||||&#8220; header_4_font_size=&#8220;24px&#8220; header_4_line_height=&#8220;1.2em&#8220; text_orientation=&#8220;center&#8220; custom_margin=&#8220;||0px||false|false&#8220; header_4_font_size_tablet=&#8220;16px&#8220; header_4_font_size_phone=&#8220;15px&#8220; header_4_font_size_last_edited=&#8220;on|tablet&#8220; locked=&#8220;off&#8220; global_colors_info=&#8220;{}&#8220;]<\/p>\n<h4>Vamos nos casar!<\/h4>\n<p>[\/et_pb_text][et_pb_text _builder_version=&#8220;4.18.0&#8243; _module_preset=&#8220;c16985e1-e0d6-4022-964d-e2bfc04fa633&#8243; header_font=&#8220;Cormorant Garamond|500|||||||&#8220; header_text_color=&#8220;gcid-f9263e8f-2107-49f5-ba75-c9d329a43ae4&#8243; header_font_size=&#8220;8vw&#8220; header_line_height=&#8220;1.1em&#8220; text_orientation=&#8220;center&#8220; header_font_size_tablet=&#8220;14vw&#8220; header_font_size_phone=&#8220;14vw&#8220; header_font_size_last_edited=&#8220;on|phone&#8220; locked=&#8220;off&#8220; global_colors_info=&#8220;{%22gcid-f9263e8f-2107-49f5-ba75-c9d329a43ae4%22:%91%22header_text_color%22%93}&#8220;]<\/p>\n<h1>Clara<br \/>&amp;<br \/>Daniel<\/h1>\n<p>[\/et_pb_text][et_pb_text _builder_version=&#8220;4.18.0&#8243; _module_preset=&#8220;aaa7c440-590a-4078-ae0c-0f3c699ac51c&#8220; header_font=&#8220;||||||||&#8220; header_3_font=&#8220;Cormorant Garamond|600|||||||&#8220; header_3_font_size=&#8220;36px&#8220; header_3_line_height=&#8220;1.2em&#8220; text_orientation=&#8220;center&#8220; header_3_font_size_tablet=&#8220;20px&#8220; header_3_font_size_phone=&#8220;16px&#8220; header_3_font_size_last_edited=&#8220;on|phone&#8220; locked=&#8220;off&#8220; global_colors_info=&#8220;{}&#8220;]<\/p>\n<h3>31. Maio 2025<\/h3>\n<p>[\/et_pb_text][et_pb_countdown_timer date_time=&#8220;2025-05-31 16:00&#8243; _builder_version=&#8220;4.27.2&#8243; _module_preset=&#8220;4e04a194-1bc1-4483-b82b-f3825bed06b3&#8243; numbers_font=&#8220;Cormorant Garamond|600|||||||&#8220; numbers_text_color=&#8220;gcid-f9263e8f-2107-49f5-ba75-c9d329a43ae4&#8243; numbers_font_size=&#8220;36px&#8220; label_font=&#8220;Raleway|500|||||||&#8220; label_font_size=&#8220;12px&#8220; background_enable_color=&#8220;off&#8220; use_background_color=&#8220;off&#8220; background_layout=&#8220;light&#8220; custom_margin=&#8220;30px||30px||true|false&#8220; hover_enabled=&#8220;0&#8243; numbers_font_size_tablet=&#8220;26px&#8220; numbers_font_size_phone=&#8220;20px&#8220; numbers_font_size_last_edited=&#8220;on|tablet&#8220; locked=&#8220;off&#8220; global_colors_info=&#8220;{%22gcid-f9263e8f-2107-49f5-ba75-c9d329a43ae4%22:%91%22numbers_text_color%22%93}&#8220; sticky_enabled=&#8220;0&#8243;][\/et_pb_countdown_timer][et_pb_button button_url=&#8220;https:\/\/claraunddaniel.de\/zusagen\/&#8220; button_text=&#8220;RSVP&#8220; button_alignment=&#8220;center&#8220; _builder_version=&#8220;4.27.2&#8243; _module_preset=&#8220;db46e67d-9505-40bb-9ebd-8901bc8b3a95&#8243; custom_button=&#8220;on&#8220; button_text_size=&#8220;20px&#8220; button_text_color=&#8220;#FFFFFF&#8220; button_bg_color=&#8220;gcid-846d252f-366b-4214-b42b-22111fc7d0d0&#8243; button_border_width=&#8220;0px&#8220; button_border_radius=&#8220;100px&#8220; button_letter_spacing=&#8220;0.2em&#8220; button_font=&#8220;Raleway|600||on|||||&#8220; button_use_icon=&#8220;off&#8220; transform_scale_tablet=&#8220;&#8220; transform_scale_phone=&#8220;&#8220; transform_scale_last_edited=&#8220;on|desktop&#8220; transform_translate=&#8220;50%|0px&#8220; transform_translate_tablet=&#8220;0%|0px&#8220; transform_translate_phone=&#8220;0%|0px&#8220; transform_translate_last_edited=&#8220;on|desktop&#8220; transform_translate_linked=&#8220;off&#8220; transform_rotate_tablet=&#8220;&#8220; transform_rotate_phone=&#8220;&#8220; transform_rotate_last_edited=&#8220;on|desktop&#8220; transform_skew_tablet=&#8220;&#8220; transform_skew_phone=&#8220;&#8220; transform_skew_last_edited=&#8220;on|desktop&#8220; transform_origin_tablet=&#8220;&#8220; transform_origin_phone=&#8220;&#8220; transform_origin_last_edited=&#8220;on|desktop&#8220; transform_styles_last_edited=&#8220;on|desktop&#8220; positioning=&#8220;absolute&#8220; position_origin_a=&#8220;center_right&#8220; position_origin_a_tablet=&#8220;center_right&#8220; position_origin_a_phone=&#8220;center_right&#8220; position_origin_a_last_edited=&#8220;on|tablet&#8220; position_origin_f_tablet=&#8220;&#8220; position_origin_f_phone=&#8220;&#8220; position_origin_f_last_edited=&#8220;on|tablet&#8220; position_origin_r_tablet=&#8220;&#8220; position_origin_r_phone=&#8220;&#8220; position_origin_r_last_edited=&#8220;on|tablet&#8220; custom_padding=&#8220;41px|25px|41px|25px|true|true&#8220; transform_styles_tablet=&#8220;&#8220; transform_styles_phone=&#8220;&#8220; positioning_tablet=&#8220;none&#8220; positioning_phone=&#8220;none&#8220; positioning_last_edited=&#8220;on|tablet&#8220; locked=&#8220;off&#8220; global_colors_info=&#8220;{%22gcid-846d252f-366b-4214-b42b-22111fc7d0d0%22:%91%22button_bg_color%22%93,%22gcid-dde5a108-6ff0-4332-95cd-17313c181436%22:%91%22button_bg_color__hover%22%93}&#8220; button_bg_color__hover=&#8220;#4a5349&#8243; button_bg_color__hover_enabled=&#8220;on|desktop&#8220; button_bg_enable_color__hover=&#8220;on&#8220;][\/et_pb_button][\/et_pb_column][et_pb_column type=&#8220;1_2&#8243; _builder_version=&#8220;4.27.2&#8243; _module_preset=&#8220;default&#8220; background_image=&#8220;https:\/\/claraunddaniel.de\/wp-content\/uploads\/2024\/12\/20241130_13.40.32_KORTE-scaled.jpg&#8220; parallax=&#8220;on&#8220; global_colors_info=&#8220;{}&#8220;][et_pb_divider show_divider=&#8220;off&#8220; _builder_version=&#8220;4.18.0&#8243; _module_preset=&#8220;default&#8220; height_tablet=&#8220;70vw&#8220; height_phone=&#8220;70vw&#8220; height_last_edited=&#8220;on|desktop&#8220; global_colors_info=&#8220;{}&#8220;][\/et_pb_divider][\/et_pb_column][\/et_pb_row][\/et_pb_section][et_pb_section fb_built=&#8220;1&#8243; admin_label=&#8220;Wedding Details&#8220; _builder_version=&#8220;4.18.0&#8243; _module_preset=&#8220;default&#8220; custom_padding=&#8220;0px||||false|false&#8220; collapsed=&#8220;on&#8220; global_colors_info=&#8220;{}&#8220;][et_pb_row column_structure=&#8220;1_2,1_2&#8243; _builder_version=&#8220;4.18.0&#8243; _module_preset=&#8220;default&#8220; custom_padding=&#8220;0px||||false|false&#8220; global_colors_info=&#8220;{}&#8220;][et_pb_column type=&#8220;1_2&#8243; _builder_version=&#8220;4.18.0&#8243; _module_preset=&#8220;default&#8220; global_colors_info=&#8220;{}&#8220;][et_pb_image src=&#8220;https:\/\/claraunddaniel.de\/wp-content\/uploads\/2024\/12\/20241130_13.20.31_KORTE-scaled.jpg&#8220; title_text=&#8220;20241130_13.20.31_KORTE&#8220; _builder_version=&#8220;4.27.2&#8243; _module_preset=&#8220;default&#8220; global_colors_info=&#8220;{}&#8220;][\/et_pb_image][\/et_pb_column][et_pb_column type=&#8220;1_2&#8243; _builder_version=&#8220;4.18.0&#8243; _module_preset=&#8220;default&#8220; custom_padding=&#8220;8%||8%||true|false&#8220; custom_padding_tablet=&#8220;0%||0%||true|false&#8220; custom_padding_phone=&#8220;0%||0%||true|false&#8220; custom_padding_last_edited=&#8220;on|tablet&#8220; global_colors_info=&#8220;{}&#8220;][et_pb_text _builder_version=&#8220;4.18.0&#8243; _module_preset=&#8220;aaa7c440-590a-4078-ae0c-0f3c699ac51c&#8220; header_font=&#8220;||||||||&#8220; header_3_font=&#8220;Cormorant Garamond|600|||||||&#8220; header_3_font_size=&#8220;36px&#8220; header_3_line_height=&#8220;1.2em&#8220; custom_margin=&#8220;||10px||false|false&#8220; header_3_font_size_tablet=&#8220;20px&#8220; header_3_font_size_phone=&#8220;16px&#8220; header_3_font_size_last_edited=&#8220;on|phone&#8220; global_colors_info=&#8220;{}&#8220;]<\/p>\n<h3>Cerim\u00f4nia<\/h3>\n<p>[\/et_pb_text][et_pb_text _builder_version=&#8220;4.27.2&#8243; _module_preset=&#8220;d026ab14-5f94-4f6e-88bb-5abfa0354f81&#8243; header_5_font=&#8220;Cormorant Garamond|600|||||||&#8220; header_5_font_size=&#8220;20px&#8220; header_5_line_height=&#8220;1.2em&#8220; background_image=&#8220;https:\/\/claraunddaniel.de\/wp-content\/uploads\/2024\/10\/Wedding-1.png&#8220; background_size=&#8220;custom&#8220; background_image_width=&#8220;40%&#8220; background_position=&#8220;top_left&#8220; background_vertical_offset=&#8220;11px&#8220; text_orientation=&#8220;right&#8220; custom_padding=&#8220;|||40%|false|false&#8220; header_5_font_size_tablet=&#8220;16px&#8220; header_5_font_size_phone=&#8220;14px&#8220; header_5_font_size_last_edited=&#8220;on|desktop&#8220; locked=&#8220;off&#8220; global_colors_info=&#8220;{}&#8220;]<\/p>\n<h5>Kirche Petershagen <br \/>Hauptstra\u00dfe 9, 32469 Petershagen<\/h5>\n<p>[\/et_pb_text][et_pb_text _builder_version=&#8220;4.18.0&#8243; _module_preset=&#8220;d026ab14-5f94-4f6e-88bb-5abfa0354f81&#8243; header_5_font=&#8220;Cormorant Garamond|600|||||||&#8220; header_5_font_size=&#8220;20px&#8220; header_5_line_height=&#8220;1.2em&#8220; background_image=&#8220;https:\/\/claraunddaniel.de\/wp-content\/uploads\/2024\/10\/Wedding-1.png&#8220; background_size=&#8220;custom&#8220; background_image_width=&#8220;40%&#8220; background_position=&#8220;top_left&#8220; background_vertical_offset=&#8220;11px&#8220; text_orientation=&#8220;right&#8220; custom_padding=&#8220;|||40%|false|false&#8220; header_5_font_size_tablet=&#8220;16px&#8220; header_5_font_size_phone=&#8220;14px&#8220; header_5_font_size_last_edited=&#8220;on|desktop&#8220; locked=&#8220;off&#8220; global_colors_info=&#8220;{}&#8220;]<\/p>\n<h5>16:00 horas<\/h5>\n<p>[\/et_pb_text][et_pb_text _builder_version=&#8220;4.18.0&#8243; _module_preset=&#8220;aaa7c440-590a-4078-ae0c-0f3c699ac51c&#8220; header_font=&#8220;||||||||&#8220; header_3_font=&#8220;Cormorant Garamond|600|||||||&#8220; header_3_font_size=&#8220;36px&#8220; header_3_line_height=&#8220;1.2em&#8220; custom_margin=&#8220;30px||10px||false|false&#8220; header_3_font_size_tablet=&#8220;20px&#8220; header_3_font_size_phone=&#8220;16px&#8220; header_3_font_size_last_edited=&#8220;on|phone&#8220; locked=&#8220;off&#8220; global_colors_info=&#8220;{}&#8220;]<\/p>\n<h3>Festa<\/h3>\n<p>[\/et_pb_text][et_pb_text _builder_version=&#8220;4.27.2&#8243; _module_preset=&#8220;d026ab14-5f94-4f6e-88bb-5abfa0354f81&#8243; header_5_font=&#8220;Cormorant Garamond|600|||||||&#8220; header_5_font_size=&#8220;20px&#8220; header_5_line_height=&#8220;1.2em&#8220; background_image=&#8220;https:\/\/claraunddaniel.de\/wp-content\/uploads\/2024\/10\/Wedding-1.png&#8220; background_size=&#8220;custom&#8220; background_image_width=&#8220;40%&#8220; background_position=&#8220;top_left&#8220; background_vertical_offset=&#8220;11px&#8220; text_orientation=&#8220;right&#8220; custom_padding=&#8220;|||40%|false|false&#8220; header_5_font_size_tablet=&#8220;16px&#8220; header_5_font_size_phone=&#8220;14px&#8220; header_5_font_size_last_edited=&#8220;on|desktop&#8220; locked=&#8220;off&#8220; global_colors_info=&#8220;{}&#8220;]<\/p>\n<h5>Kupfersaal<br \/>Hellermannstr. 1, 32469 Petershagen<\/h5>\n<p>[\/et_pb_text][\/et_pb_column][\/et_pb_row][\/et_pb_section][et_pb_section fb_built=&#8220;1&#8243; admin_label=&#8220;How We Met&#8220; _builder_version=&#8220;4.18.0&#8243; _module_preset=&#8220;default&#8220; custom_padding=&#8220;||0px||false|false&#8220; locked=&#8220;off&#8220; collapsed=&#8220;on&#8220; global_colors_info=&#8220;{}&#8220;][et_pb_row _builder_version=&#8220;4.18.0&#8243; _module_preset=&#8220;default&#8220; max_width=&#8220;700px&#8220; global_colors_info=&#8220;{}&#8220;][et_pb_column type=&#8220;4_4&#8243; _builder_version=&#8220;4.18.0&#8243; _module_preset=&#8220;default&#8220; global_colors_info=&#8220;{}&#8220;][et_pb_text _builder_version=&#8220;4.18.0&#8243; _module_preset=&#8220;b327cbe4-b1d5-4b66-ad37-40c8f2f061ba&#8220; header_2_font=&#8220;Cormorant Garamond|500|||||||&#8220; header_2_text_color=&#8220;gcid-dde5a108-6ff0-4332-95cd-17313c181436&#8243; header_2_font_size=&#8220;60px&#8220; header_2_line_height=&#8220;1.2em&#8220; custom_margin=&#8220;||10px||false|false&#8220; header_2_font_size_tablet=&#8220;32px&#8220; header_2_font_size_phone=&#8220;20px&#8220; header_2_font_size_last_edited=&#8220;on|desktop&#8220; global_colors_info=&#8220;{%22gcid-dde5a108-6ff0-4332-95cd-17313c181436%22:%91%22header_2_text_color%22%93}&#8220;]<\/p>\n<h2>Alemanha e Brasil<\/h2>\n<p>[\/et_pb_text][et_pb_text _builder_version=&#8220;4.27.2&#8243; _module_preset=&#8220;1f09816e-184e-4ce5-a4cf-b39c52c423ca&#8220; text_font=&#8220;Raleway||||||||&#8220; text_text_color=&#8220;gcid-dde5a108-6ff0-4332-95cd-17313c181436&#8243; text_font_size=&#8220;16px&#8220; text_line_height=&#8220;1.8em&#8220; text_font_size_tablet=&#8220;14px&#8220; text_font_size_phone=&#8220;13px&#8220; text_font_size_last_edited=&#8220;on|phone&#8220; header_font_size_tablet=&#8220;55px&#8220; header_font_size_last_edited=&#8220;off|desktop&#8220; global_colors_info=&#8220;{%22gcid-dde5a108-6ff0-4332-95cd-17313c181436%22:%91%22text_text_color%22%93}&#8220;]<\/p>\n<p>Decidimos celebrar nosso\ncasamento em dose dupla,\ne voc\u00eas est\u00e3o mais que\nconvidados! Primeiro,\nvamos comemorar com\numa grande festa na\nAlemanha, e tr\u00eas meses\ndepois vamos encerrar a\ncelebra\u00e7\u00e3o com uma festa\nmenor no Brasil.<\/p>\n<p>[\/et_pb_text][\/et_pb_column][\/et_pb_row][et_pb_row column_structure=&#8220;3_5,2_5&#8243; _builder_version=&#8220;4.18.0&#8243; _module_preset=&#8220;default&#8220; max_width=&#8220;none&#8220; module_alignment=&#8220;right&#8220; module_alignment_tablet=&#8220;center&#8220; module_alignment_phone=&#8220;center&#8220; module_alignment_last_edited=&#8220;on|tablet&#8220; global_colors_info=&#8220;{}&#8220;][et_pb_column type=&#8220;3_5&#8243; _builder_version=&#8220;4.18.0&#8243; _module_preset=&#8220;default&#8220; custom_padding=&#8220;6%||||false|false&#8220; custom_padding_tablet=&#8220;0%||||false|false&#8220; custom_padding_phone=&#8220;0%||||false|false&#8220; custom_padding_last_edited=&#8220;on|desktop&#8220; global_colors_info=&#8220;{}&#8220;][et_pb_image src=&#8220;https:\/\/claraunddaniel.de\/wp-content\/uploads\/2024\/12\/0deac8ed-bdfe-4cd8-a533-1df876065239.png&#8220; title_text=&#8220;0deac8ed-bdfe-4cd8-a533-1df876065239&#8243; _builder_version=&#8220;4.27.2&#8243; _module_preset=&#8220;default&#8220; custom_margin_tablet=&#8220;||30px||false|false&#8220; custom_margin_phone=&#8220;||30px||false|false&#8220; custom_margin_last_edited=&#8220;on|tablet&#8220; global_colors_info=&#8220;{}&#8220;][\/et_pb_image][\/et_pb_column][et_pb_column type=&#8220;2_5&#8243; _builder_version=&#8220;4.18.0&#8243; _module_preset=&#8220;default&#8220; global_colors_info=&#8220;{}&#8220;][et_pb_image src=&#8220;https:\/\/claraunddaniel.de\/wp-content\/uploads\/2024\/12\/wedding-4.png&#8220; title_text=&#8220;wedding-4&#8243; _builder_version=&#8220;4.27.2&#8243; _module_preset=&#8220;default&#8220; custom_margin_tablet=&#8220;||60px||false|false&#8220; custom_margin_phone=&#8220;||60px||false|false&#8220; custom_margin_last_edited=&#8220;on|tablet&#8220; global_colors_info=&#8220;{}&#8220;][\/et_pb_image][et_pb_image src=&#8220;https:\/\/claraunddaniel.de\/wp-content\/uploads\/2024\/12\/wedding-5.png&#8220; title_text=&#8220;wedding-5&#8243; _builder_version=&#8220;4.27.2&#8243; _module_preset=&#8220;default&#8220; width=&#8220;55%&#8220; custom_margin=&#8220;20%|||10%|false|false&#8220; custom_margin_tablet=&#8220;0%|||0%|false|false&#8220; custom_margin_phone=&#8220;0%|||0%|false|false&#8220; custom_margin_last_edited=&#8220;on|tablet&#8220; global_colors_info=&#8220;{}&#8220;][\/et_pb_image][\/et_pb_column][\/et_pb_row][\/et_pb_section][et_pb_section fb_built=&#8220;1&#8243; disabled_on=&#8220;on|on|on&#8220; admin_label=&#8220;Call to Action&#8220; _builder_version=&#8220;4.27.2&#8243; _module_preset=&#8220;default&#8220; disabled=&#8220;on&#8220; saved_tabs=&#8220;all&#8220; collapsed=&#8220;on&#8220; global_colors_info=&#8220;{}&#8220;][et_pb_row custom_padding_last_edited=&#8220;on|desktop&#8220; _builder_version=&#8220;4.18.0&#8243; _module_preset=&#8220;default&#8220; custom_padding=&#8220;30px|30px|30px|30px|true|true&#8220; custom_padding_tablet=&#8220;&#8220; custom_padding_phone=&#8220;20px|20px|20px|20px|true|true&#8220; border_width_all=&#8220;1px&#8220; border_color_all=&#8220;#AF7E62&#8243; global_colors_info=&#8220;{}&#8220;][et_pb_column type=&#8220;4_4&#8243; _builder_version=&#8220;4.18.0&#8243; _module_preset=&#8220;default&#8220; global_colors_info=&#8220;{}&#8220;][et_pb_image src=&#8220;https:\/\/claraunddaniel.de\/wp-content\/uploads\/2024\/10\/wedding-24.png&#8220; title_text=&#8220;wedding-24&#8243; align=&#8220;center&#8220; _builder_version=&#8220;4.18.0&#8243; _module_preset=&#8220;default&#8220; global_colors_info=&#8220;{}&#8220;][\/et_pb_image][et_pb_text _builder_version=&#8220;4.18.0&#8243; _module_preset=&#8220;b327cbe4-b1d5-4b66-ad37-40c8f2f061ba&#8220; header_2_font=&#8220;Cormorant Garamond|500|||||||&#8220; header_2_font_size=&#8220;60px&#8220; header_2_line_height=&#8220;1.2em&#8220; text_orientation=&#8220;center&#8220; custom_margin=&#8220;||10px||false|false&#8220; header_2_font_size_tablet=&#8220;32px&#8220; header_2_font_size_phone=&#8220;20px&#8220; header_2_font_size_last_edited=&#8220;on|desktop&#8220; global_colors_info=&#8220;{}&#8220;]<\/p>\n<h2>Registry<\/h2>\n<p>[\/et_pb_text][et_pb_text _builder_version=&#8220;4.18.0&#8243; _module_preset=&#8220;1f09816e-184e-4ce5-a4cf-b39c52c423ca&#8220; text_font=&#8220;Raleway||||||||&#8220; text_font_size=&#8220;16px&#8220; text_line_height=&#8220;1.8em&#8220; text_orientation=&#8220;center&#8220; text_font_size_tablet=&#8220;14px&#8220; text_font_size_phone=&#8220;13px&#8220; text_font_size_last_edited=&#8220;on|phone&#8220; header_font_size_tablet=&#8220;55px&#8220; header_font_size_last_edited=&#8220;off|desktop&#8220; global_colors_info=&#8220;{}&#8220;]Curabitur non nulla sit amet nisl tempus convallis quis ac lec[\/et_pb_text][et_pb_button button_text=&#8220;Browse Registry&#8220; button_alignment=&#8220;center&#8220; _builder_version=&#8220;4.18.0&#8243; _module_preset=&#8220;31b4f027-aaa0-4f2f-ae02-959764e19e4f&#8220; custom_button=&#8220;on&#8220; button_text_size=&#8220;14px&#8220; button_text_color=&#8220;#FFFFFF&#8220; button_bg_color=&#8220;#4a5349&#8243; button_border_width=&#8220;0px&#8220; button_border_radius=&#8220;0px&#8220; button_letter_spacing=&#8220;0.2em&#8220; button_font=&#8220;Raleway|600||on|||||&#8220; custom_padding=&#8220;16px|24px|16px|24px|true|true&#8220; global_colors_info=&#8220;{}&#8220;][\/et_pb_button][et_pb_button button_text=&#8220;Contribute to Our Honeymoon Fund&#8220; button_alignment=&#8220;center&#8220; _builder_version=&#8220;4.18.0&#8243; _module_preset=&#8220;3117bc07-6a8a-4679-b3bb-b6ed74b48a2f&#8220; custom_button=&#8220;on&#8220; button_text_size=&#8220;14px&#8220; button_text_color=&#8220;#4a5349&#8243; button_bg_color=&#8220;RGBA(255,255,255,0)&#8220; button_border_width=&#8220;2px&#8220; button_border_color=&#8220;#4a5349&#8243; button_border_radius=&#8220;0px&#8220; button_letter_spacing=&#8220;0.2em&#8220; button_font=&#8220;Raleway|600||on|||||&#8220; custom_padding=&#8220;16px|24px|16px|24px|true|true&#8220; global_colors_info=&#8220;{}&#8220;][\/et_pb_button][\/et_pb_column][\/et_pb_row][\/et_pb_section][et_pb_section fb_built=&#8220;1&#8243; admin_label=&#8220;Footer 1&#8243; _builder_version=&#8220;4.27.2&#8243; _module_preset=&#8220;default&#8220; use_background_color_gradient=&#8220;on&#8220; background_color_gradient_stops=&#8220;#ffffff 0%|rgba(255,255,255,0) 96%&#8220; background_color_gradient_overlays_image=&#8220;on&#8220; background_image=&#8220;https:\/\/claraunddaniel.de\/wp-content\/uploads\/2024\/12\/20241130_13.33.44_KORTE-scaled.jpg&#8220; background_position=&#8220;top_center&#8220; custom_padding=&#8220;||32%||false|false&#8220; saved_tabs=&#8220;all&#8220; collapsed=&#8220;on&#8220; global_colors_info=&#8220;{}&#8220;][et_pb_row _builder_version=&#8220;4.18.0&#8243; _module_preset=&#8220;default&#8220; max_width=&#8220;700px&#8220; global_colors_info=&#8220;{}&#8220;][et_pb_column type=&#8220;4_4&#8243; _builder_version=&#8220;4.18.0&#8243; _module_preset=&#8220;default&#8220; global_colors_info=&#8220;{}&#8220;][et_pb_text _builder_version=&#8220;4.27.2&#8243; _module_preset=&#8220;b327cbe4-b1d5-4b66-ad37-40c8f2f061ba&#8220; header_2_font=&#8220;Cormorant Garamond|500|||||||&#8220; header_2_font_size=&#8220;60px&#8220; header_2_line_height=&#8220;1.2em&#8220; text_orientation=&#8220;center&#8220; custom_margin=&#8220;||||false|false&#8220; custom_margin_tablet=&#8220;||||false|false&#8220; custom_margin_phone=&#8220;92px||||false|false&#8220; custom_margin_last_edited=&#8220;on|phone&#8220; header_2_font_size_tablet=&#8220;32px&#8220; header_2_font_size_phone=&#8220;20px&#8220; header_2_font_size_last_edited=&#8220;on|desktop&#8220; global_colors_info=&#8220;{}&#8220;]<\/p>\n<h2>Vem comemorar com a gente!<\/h2>\n<p>[\/et_pb_text][et_pb_text _builder_version=&#8220;4.27.2&#8243; _module_preset=&#8220;4827deed-2a92-4d97-a22f-f01067ae6873&#8243; header_font=&#8220;||||||||&#8220; header_4_font=&#8220;Cormorant Garamond|600|||||||&#8220; header_4_font_size=&#8220;24px&#8220; header_4_line_height=&#8220;1.2em&#8220; text_orientation=&#8220;center&#8220; custom_margin=&#8220;||10px||false|false&#8220; header_4_font_size_tablet=&#8220;16px&#8220; header_4_font_size_phone=&#8220;15px&#8220; header_4_font_size_last_edited=&#8220;on|tablet&#8220; locked=&#8220;off&#8220; global_colors_info=&#8220;{}&#8220;]<\/p>\n<h4>Por favor confirme at\u00e9 o dia 01.03.2025!<\/h4>\n<p>[\/et_pb_text][\/et_pb_column][\/et_pb_row][\/et_pb_section][et_pb_section fb_built=&#8220;1&#8243; admin_label=&#8220;Footer 2&#8243; _builder_version=&#8220;4.18.0&#8243; _module_preset=&#8220;default&#8220; custom_padding=&#8220;0px||0px||true|false&#8220; saved_tabs=&#8220;all&#8220; collapsed=&#8220;on&#8220; global_colors_info=&#8220;{}&#8220;][et_pb_row _builder_version=&#8220;4.18.0&#8243; _module_preset=&#8220;default&#8220; custom_padding=&#8220;||0px||false|false&#8220; global_colors_info=&#8220;{}&#8220;][et_pb_column type=&#8220;4_4&#8243; _builder_version=&#8220;4.18.0&#8243; _module_preset=&#8220;default&#8220; global_colors_info=&#8220;{}&#8220;][et_pb_text _builder_version=&#8220;4.27.2&#8243; _module_preset=&#8220;aaa7c440-590a-4078-ae0c-0f3c699ac51c&#8220; header_font=&#8220;||||||||&#8220; header_3_font=&#8220;Cormorant Garamond|600|||||||&#8220; header_3_font_size=&#8220;36px&#8220; header_3_line_height=&#8220;1.2em&#8220; text_orientation=&#8220;center&#8220; header_3_font_size_tablet=&#8220;20px&#8220; header_3_font_size_phone=&#8220;16px&#8220; header_3_font_size_last_edited=&#8220;on|phone&#8220; global_colors_info=&#8220;{}&#8220;]<\/p>\n<h3>Clara &amp; Daniel<\/h3>\n<p>[\/et_pb_text][\/et_pb_column][\/et_pb_row][et_pb_row _builder_version=&#8220;4.18.0&#8243; _module_preset=&#8220;default&#8220; global_colors_info=&#8220;{}&#8220;][et_pb_column type=&#8220;4_4&#8243; _builder_version=&#8220;4.18.0&#8243; _module_preset=&#8220;default&#8220; global_colors_info=&#8220;{}&#8220;][et_pb_menu submenu_direction=&#8220;upwards&#8220; active_link_color=&#8220;gcid-f9263e8f-2107-49f5-ba75-c9d329a43ae4&#8243; dropdown_menu_bg_color=&#8220;gcid-0c84071e-ac8c-45db-96bf-2919cd3fe890&#8243; dropdown_menu_line_color=&#8220;gcid-f9263e8f-2107-49f5-ba75-c9d329a43ae4&#8243; dropdown_menu_text_color=&#8220;#000000&#8243; dropdown_menu_active_link_color=&#8220;gcid-f9263e8f-2107-49f5-ba75-c9d329a43ae4&#8243; mobile_menu_bg_color=&#8220;gcid-0c84071e-ac8c-45db-96bf-2919cd3fe890&#8243; mobile_menu_text_color=&#8220;#000000&#8243; cart_icon_color=&#8220;#000000&#8243; search_icon_color=&#8220;#000000&#8243; menu_icon_color=&#8220;#000000&#8243; _builder_version=&#8220;4.27.2&#8243; _module_preset=&#8220;default&#8220; menu_font=&#8220;Raleway||||||||&#8220; menu_font_size=&#8220;16px&#8220; text_orientation=&#8220;center&#8220; global_colors_info=&#8220;{%22gcid-f9263e8f-2107-49f5-ba75-c9d329a43ae4%22:%91%22active_link_color%22,%22dropdown_menu_line_color%22,%22dropdown_menu_active_link_color%22%93,%22gcid-0c84071e-ac8c-45db-96bf-2919cd3fe890%22:%91%22dropdown_menu_bg_color%22,%22mobile_menu_bg_color%22%93}&#8220;][\/et_pb_menu][\/et_pb_column][\/et_pb_row][\/et_pb_section]<\/p>","protected":false},"excerpt":{"rendered":"<p>Wir heiratenClara&amp;Daniel31. Mai 2025TrauungKirche Petershagen Hauptstra\u00dfe 9, 32469 Petershagen16:00 UhrFeierKupfersaalHellermannstr. 1, 32469 PetershagenDeutschland trifft BrasilienWir haben uns entschieden, unseren Hochzeitstag doppelt zu feiern, und ihr seid herzlich eingeladen! Zuerst feiern wir gro\u00df mit euch in Deutschland, und drei Monate sp\u00e4ter schlie\u00dfen wir unsere Hochzeit mit einer kleineren Feier in Brasilien abRegistryCurabitur non nulla sit amet nisl tempus convallis quis ac lecFeier mit uns!Bitte sage bis zum 01.03.2025 zu!Clara &amp; Daniel<\/p>","protected":false},"author":1,"featured_media":0,"parent":0,"menu_order":0,"comment_status":"closed","ping_status":"closed","template":"","meta":{"_et_pb_use_builder":"on","_et_pb_old_content":"<!-- wp:divi\/placeholder \/-->","_et_gb_content_width":"","footnotes":""},"class_list":["post-8","page","type-page","status-publish","hentry"],"_links":{"self":[{"href":"https:\/\/claraunddaniel.de\/pt\/wp-json\/wp\/v2\/pages\/8","targetHints":{"allow":["GET"]}}],"collection":[{"href":"https:\/\/claraunddaniel.de\/pt\/wp-json\/wp\/v2\/pages"}],"about":[{"href":"https:\/\/claraunddaniel.de\/pt\/wp-json\/wp\/v2\/types\/page"}],"author":[{"embeddable":true,"href":"https:\/\/claraunddaniel.de\/pt\/wp-json\/wp\/v2\/users\/1"}],"replies":[{"embeddable":true,"href":"https:\/\/claraunddaniel.de\/pt\/wp-json\/wp\/v2\/comments?post=8"}],"version-history":[{"count":9,"href":"https:\/\/claraunddaniel.de\/pt\/wp-json\/wp\/v2\/pages\/8\/revisions"}],"predecessor-version":[{"id":157,"href":"https:\/\/claraunddaniel.de\/pt\/wp-json\/wp\/v2\/pages\/8\/revisions\/157"}],"wp:attachment":[{"href":"https:\/\/claraunddaniel.de\/pt\/wp-json\/wp\/v2\/media?parent=8"}],"curies":[{"name":"wp","href":"https:\/\/api.w.org\/{rel}","templated":true}]}}